{"id":33,"date":"2011-04-28T11:09:11","date_gmt":"2011-04-28T09:09:11","guid":{"rendered":"http:\/\/societe-histoire-rixheim.fr\/wordpress\/?page_id=33"},"modified":"2020-11-22T17:18:42","modified_gmt":"2020-11-22T15:18:42","slug":"bienvenue-a-la-societe-dhistoire-de-rixheim","status":"publish","type":"page","link":"http:\/\/societe-histoire-rixheim.fr\/","title":{"rendered":"Bienvenue \u00e0 la Soci\u00e9t\u00e9 d&rsquo;Histoire de Rixheim"},"content":{"rendered":"<p>Bienvenue sur le site de la Soci\u00e9t\u00e9 d&rsquo;Histoire de Rixheim.<\/p>\n<p style=\"text-align: justify;\"><strong>N\u00e9e en 1984<\/strong>, la SHR se propose d\u2019\u0153uvrer \u00e0 la sauvegarde de la m\u00e9moire \u00e9crite, orale et patrimoniale de la commune et de faire conna\u00eetre l\u2019histoire de Rixheim, qui s&rsquo;inscrit dans les pages de l&rsquo;histoire r\u00e9gionale et nationale.<\/p>\n<p style=\"text-align: justify;\">Dans ce cadre, elle publie <strong>chaque ann\u00e9e son bulletin,<\/strong> une revue tr\u00e8s document\u00e9e et illustr\u00e9e de plusieurs articles, dans lesquels sont \u00e9voqu\u00e9s le pass\u00e9 de la commune, les grandes pages d\u2019histoire v\u00e9cues par les Rixheimois, ainsi qu\u2019une \u00e9tude comparative des visages de Rixheim hier et aujourd\u2019hui et de l&rsquo;origine des noms des rues de Rixheim, cette derni\u00e8re rubrique ayant d\u00e9marr\u00e9 en 2017. <strong>Quatre publications majeures<\/strong> ont eu lieu en <strong>2004 (bulletin N\u00b0 20), <\/strong>en<strong> 2007 (bulletin N\u00b0 23), <\/strong>en <strong>2013 (bulletin N\u00b028)<\/strong> et en <strong>2014 (bulletin N\u00b029)<\/strong>. Celui de <strong>2004<\/strong> porte sur <strong>la Lib\u00e9ration de<\/strong> <strong>Rixheim<\/strong>, le 20 novembre 1944 dans le cadre du 60\u00e8me anniversaire, et aborde la terrible bataille oubli\u00e9e de la Hardt du 28 novembre au 4 d\u00e9cembre 1944. Le succ\u00e8s de cette publication, co\u00e9crite par Christian Thoma et Beno\u00eet Meyer a \u00e9t\u00e9 tel que ce num\u00e9ro 20 n\u2019est plus disponible, en d\u00e9pit d\u2019une r\u00e9\u00e9dition. Le <strong>bulletin N\u00b023 (2007),<\/strong> ouvrage de 222 pages, r\u00e9dig\u00e9 \u00e9galement par le tandem Benoit Meyer &#8211; Christian Thoma, relate<strong> l\u2019\u00e9vacuation de Rixheim, les 17 et 18 mai 1940<\/strong>, le transfert dans le Sud-Ouest de 1 300 Rixheimois en juin 1940 et leur retour d&rsquo;ao\u00fbt \u00e0 septembre 1940. Cet ouvrage co\u00e9dit\u00e9 avec l\u2019Association des Amis de Rixheim du canton de Valence-sur-Ba\u00efse et l\u2019Association des Amis du Gers de Rixheim et environs, avec le soutien de la Ville de Rixheim et des Conseils G\u00e9n\u00e9raux du Gers et du Haut-Rhin, aborde aussi le sort de tous les Rixheimois qui ne sont pas partis vers le Sud-Ouest. Ce num\u00e9ro 23, prim\u00e9 au 19\u00e8me Salon du Livre de Colmar en 2008 par le troisi\u00e8me prix du palmar\u00e8s de la F\u00e9d\u00e9ration des Soci\u00e9t\u00e9s d\u2019Histoire et d\u2019Arch\u00e9ologie d\u2019Alsace, est toujours disponible aupr\u00e8s de la SHR. Le <strong>bulletin N\u00b028 (2013) <\/strong>consacr\u00e9 <strong>aux Malgr\u00e9-Nous<\/strong> reprend la brillante exposition des 17 et 18 novembre 2012, organis\u00e9e par la SHR dans le cadre de la comm\u00e9moration des 70 ans de l&rsquo;incorporation de force des Alsaciens-Mosellans dans la Wehrmacht. Dans le <strong>bulletin N\u00b029 (2014)<\/strong>, Christian Thoma d\u00e9taille sur pr\u00e8s de 130 pages <strong>l&rsquo;histoire de l&rsquo;h\u00f4pital de Rixheim<\/strong>, n\u00e9 en 1864 et qui a achev\u00e9 en 2014 sa plus profonde transformation. De 2015 \u00e0 2018, les bulletins <strong>N\u00b030-31-32-33<\/strong> ont pr\u00e9sent\u00e9 divers aspects de <strong>la Premi\u00e8re Guerre mondiale \u00e0 Rixheim,<\/strong> dans le cadre de la comm\u00e9moration du centenaire de la Grande Guerre : la bataille des 9-10 ao\u00fbt 1914, les fusill\u00e9s de la Hardt (1915-1916), la bataille a\u00e9rienne du 18 mars 1916, la r\u00e9quisition des cloches en 1917, le retour \u00e0 la France le 18 novembre 1918.<\/p>\n<p style=\"text-align: justify;\">Notre Soci\u00e9t\u00e9 organise aussi <strong>des expositions ponctuelles,<\/strong> parmi lesquelles on peut citer : <strong>la Lib\u00e9ration de Rixheim (2004)<\/strong>, <strong>l\u2019\u00e9vacuation de Rixheim en 1940 (2007)<\/strong>, <strong>les Malgr\u00e9-Nous (2012)<\/strong>, <strong>l&rsquo;histoire de l&rsquo;h\u00f4pital (2014),<\/strong>&nbsp; <strong>Rixheim et la Grande Guerre (2018). <\/strong>Cette derni\u00e8re qui cl\u00f4tura la comm\u00e9moration de la guerre 14-18 fut pr\u00e9c\u00e9d\u00e9e du concert de Daniel Muringer, \u00ab\u00a0Ballade d&rsquo;une tranch\u00e9e \u00e0 l&rsquo;autre\u00a0\u00bb.<\/p>\n<p style=\"text-align: justify;\">La SHR propose aussi <strong>parfois des conf\u00e9rences<\/strong>, comme en&nbsp; <strong>2004 (sur la Lib\u00e9ration de Rixheim)<\/strong> , en <strong>2007 (sur l\u2019\u00e9vacuation de 1940)<\/strong>, en <strong>2012 (sur les Malgr\u00e9 Nous)<\/strong>. Elle <strong>parraine<\/strong> \u00e9galement certaines soir\u00e9es organis\u00e9es par l&rsquo;association des <strong>Rencontres de la Commanderie.<\/strong><\/p>\n<p style=\"text-align: justify;\">Chaque ann\u00e9e, en septembre, la SHR participe aux <strong>Journ\u00e9es du Patrimoine<\/strong>, en organisant le <strong>samedi apr\u00e8s-midi<\/strong> une <strong>promenade historique dans le vieux-Rixheim<\/strong>, et le <strong>dimanche apr\u00e8s-midi<\/strong> une <strong>visite comment\u00e9e du parc de la Commanderie,<\/strong> en compl\u00e9ment \u00e0 celle du b\u00e2timent de la Commanderie. Lors de l&rsquo;\u00e9dition <strong>2014,<\/strong> dans le cadre de son 30\u00e8me anniversaire, la SHR a inaugur\u00e9, avec le soutien de la Ville de Rixheim, <strong>un parcours historique, jalonn\u00e9 de 24 panneaux explicatifs. <\/strong>En 2017, la visite du Parc a \u00e9t\u00e9 enrichie par <strong>la pr\u00e9sentation des serres et du kiosque-belv\u00e9d\u00e8re<\/strong>, qui ont \u00e9t\u00e9 enti\u00e8rement r\u00e9nov\u00e9s en 2016, dans une op\u00e9ration r\u00e9unissant la Ville de Rixheim, la Fondation du Patrimoine, de nombreux donateurs et le service des Monuments Historiques.<\/p>\n<p style=\"text-align: justify;\">La SHR propose aussi \u00e0 ses membres de participer \u00e0 <strong>une excursion annuelle<\/strong>, \u00e0 caract\u00e8re historique, dont voici quelques exemples : une visite, sur plusieurs jours en 2005, du&nbsp; <strong>canton de Valence-sur-Ba\u00efse (Gers)<\/strong> qui a accueilli les Rixheimois \u00e9vacu\u00e9s en 1940,&nbsp; <strong>le M\u00e9morial d\u2019Alsace-Moselle de Schirmeck <\/strong>en 2006, <strong>l\u2019\u00eele de la Reichenau <\/strong>en 2008<strong>,<\/strong> le <strong>Mus\u00e9e Lalique et le ch\u00e2teau de Lichtenberg<\/strong> en 2012, <strong>Turckheim<\/strong> avec son <strong>Mus\u00e9e des Combats de la Poche de Colmar<\/strong> en 2013, <strong>Epinal et la Cit\u00e9 de l&rsquo;Image<\/strong> en 2015, <strong>Baden-Baden et son superbe casino<\/strong> en 2017, <strong>Sankt-Blasien et sa majestueuse \u00e9glise<\/strong> en 2018, <strong>la Biblioth\u00e8que humaniste de S\u00e9lestat et la cit\u00e9 romane de Rosheim<\/strong> en 2019. En 2014, pour ses 30 ans, la SHR a organis\u00e9 une sortie sur deux jours : \u00e0 <strong>Metz (Centre Pompidou) <\/strong>et \u00e0<strong> Verdun<\/strong>.<\/p>\n<p style=\"text-align: justify;\">Dans le cadre du <strong>jumelage entre Rixheim et Lohne<\/strong>, avec le soutien de la Ville de Rixheim, la SHR a organis\u00e9 en ao\u00fbt 2013 <strong>une d\u00e9couverte de cette r\u00e9gion de Basse-Saxe, en collaboration avec le Heimatsverein de Lohne.<\/strong> A notre tour, nous avons re\u00e7u nos Heimatsfreunde de Lohne en septembre 2015 et en octobre 2019. Notre s\u00e9jour \u00e0 Lohne pr\u00e9vu au printemps 2020 a d\u00fb \u00eatre annul\u00e9 suite \u00e0 la crise sanitaire.<\/p>\n<p style=\"text-align: justify;\">En 2017 et en 2019, dans le cadre du <strong>jumelage avec le canton de Valence-sur-Ba\u00efse<\/strong>, nous avons organis\u00e9 <strong>un s\u00e9jour dans le Gers<\/strong>, en union avec l&rsquo;Association des Amis de Rixheim du canton de Valence-sur-Ba\u00efse.<\/p>\n<p style=\"text-align: center;\"><a href=\"http:\/\/societe-histoire-rixheim.fr\/wordpress\/wp-content\/uploads\/2011\/05\/ancmairie.gif\"><img decoding=\"async\" loading=\"lazy\" class=\"size-medium wp-image-60 aligncenter\" title=\"ancmairie\" src=\"http:\/\/societe-histoire-rixheim.fr\/wordpress\/wp-content\/uploads\/2011\/05\/ancmairie-300x202.gif\" alt=\"\" width=\"300\" height=\"202\" srcset=\"http:\/\/societe-histoire-rixheim.fr\/wp-content\/uploads\/2011\/05\/ancmairie-300x202.gif 300w, http:\/\/societe-histoire-rixheim.fr\/wp-content\/uploads\/2011\/05\/ancmairie.gif 500w\" sizes=\"(max-width: 300px) 100vw, 300px\" \/><\/a><em>Le d\u00e9but de la Grand-Rue avec &nbsp;l\u2019ancienne mairie de Rixheim, au fond, vers 1910<\/em><\/p>\n<p style=\"text-align: center;\"><a href=\"http:\/\/societe-histoire-rixheim.fr\/wordpress\/wp-content\/uploads\/2011\/05\/ancmairieauj1.gif\"><img decoding=\"async\" loading=\"lazy\" class=\"size-medium wp-image-61 aligncenter\" title=\"ancmairieauj\" src=\"http:\/\/societe-histoire-rixheim.fr\/wordpress\/wp-content\/uploads\/2011\/05\/ancmairieauj1-300x225.gif\" alt=\"\" width=\"300\" height=\"225\" srcset=\"http:\/\/societe-histoire-rixheim.fr\/wp-content\/uploads\/2011\/05\/ancmairieauj1-300x225.gif 300w, http:\/\/societe-histoire-rixheim.fr\/wp-content\/uploads\/2011\/05\/ancmairieauj1.gif 500w\" sizes=\"(max-width: 300px) 100vw, 300px\" \/><\/a><em>et en 2010<\/em><\/p>\n","protected":false},"excerpt":{"rendered":"<p>Bienvenue sur le site de la Soci\u00e9t\u00e9 d&rsquo;Histoire de Rixheim. N\u00e9e en 1984, la SHR se propose d\u2019\u0153uvrer \u00e0 la sauvegarde de la m\u00e9moire \u00e9crite, orale et patrimoniale de la commune et de faire conna\u00eetre l\u2019histoire de Rixheim, qui s&rsquo;inscrit &hellip; <a href=\"http:\/\/societe-histoire-rixheim.fr\/\">Continue reading <span class=\"meta-nav\">&rarr;<\/span><\/a><\/p>\n","protected":false},"author":1,"featured_media":0,"parent":0,"menu_order":0,"comment_status":"closed","ping_status":"open","template":"","meta":{"ngg_post_thumbnail":0},"_links":{"self":[{"href":"http:\/\/societe-histoire-rixheim.fr\/index.php?rest_route=\/wp\/v2\/pages\/33"}],"collection":[{"href":"http:\/\/societe-histoire-rixheim.fr\/index.php?rest_route=\/wp\/v2\/pages"}],"about":[{"href":"http:\/\/societe-histoire-rixheim.fr\/index.php?rest_route=\/wp\/v2\/types\/page"}],"author":[{"embeddable":true,"href":"http:\/\/societe-histoire-rixheim.fr\/index.php?rest_route=\/wp\/v2\/users\/1"}],"replies":[{"embeddable":true,"href":"http:\/\/societe-histoire-rixheim.fr\/index.php?rest_route=%2Fwp%2Fv2%2Fcomments&post=33"}],"version-history":[{"count":21,"href":"http:\/\/societe-histoire-rixheim.fr\/index.php?rest_route=\/wp\/v2\/pages\/33\/revisions"}],"predecessor-version":[{"id":2956,"href":"http:\/\/societe-histoire-rixheim.fr\/index.php?rest_route=\/wp\/v2\/pages\/33\/revisions\/2956"}],"wp:attachment":[{"href":"http:\/\/societe-histoire-rixheim.fr\/index.php?rest_route=%2Fwp%2Fv2%2Fmedia&parent=33"}],"curies":[{"name":"wp","href":"https:\/\/api.w.org\/{rel}","templated":true}]}}