{"id":1220,"date":"2014-10-25T16:58:40","date_gmt":"2014-10-25T14:58:40","guid":{"rendered":"http:\/\/societe-histoire-rixheim.fr\/wordpress\/?page_id=1220"},"modified":"2017-01-22T01:10:04","modified_gmt":"2017-01-21T23:10:04","slug":"devenir-membre-de-la-societe-dhistoire","status":"publish","type":"page","link":"http:\/\/societe-histoire-rixheim.fr\/?page_id=1220","title":{"rendered":"Devenir membre de la Soci\u00e9t\u00e9 d&rsquo;Histoire de Rixheim"},"content":{"rendered":"<p style=\"text-align: justify;\">Si vous souhaitez nous soutenir dans notre travail de conservation du pass\u00e9 et de la m\u00e9moire de Rixheim, nous vous invitons \u00e0 devenir membre de la SHR .<\/p>\n<p><strong>Co\u00fbt de la cotisation annuelle<\/strong> :<strong> 20 euros<\/strong><\/p>\n<p style=\"text-align: justify;\">Cette cotisation vous donne droit chaque ann\u00e9e au bulletin annuel, qui vous sera amen\u00e9 \u00e0 domicile, ou envoy\u00e9 par la poste (frais de port \u00e0 votre charge, ce qui porte votre contribution annuelle \u00e0 25 euros).<\/p>\n<p style=\"text-align: justify;\">Au mois de janvier, vous serez destinataire de notre programme annuel avec les manifestations, les excursions que nous vous proposons.<\/p>\n<p><strong>Si vous voulez nous rejoindre, envoyez un mail \u00e0\u00a0<\/strong><\/p>\n<p><strong>Contact@Societe-histoire-rixheim.fr<\/strong><\/p>\n<p>&nbsp;<\/p>\n","protected":false},"excerpt":{"rendered":"<p>Si vous souhaitez nous soutenir dans notre travail de conservation du pass\u00e9 et de la m\u00e9moire de Rixheim, nous vous invitons \u00e0 devenir membre de la SHR . Co\u00fbt de la cotisation annuelle : 20 euros Cette cotisation vous donne &hellip; <a href=\"http:\/\/societe-histoire-rixheim.fr\/?page_id=1220\">Continue reading <span class=\"meta-nav\">&rarr;<\/span><\/a><\/p>\n","protected":false},"author":1,"featured_media":0,"parent":0,"menu_order":0,"comment_status":"closed","ping_status":"open","template":"","meta":{"ngg_post_thumbnail":0},"_links":{"self":[{"href":"http:\/\/societe-histoire-rixheim.fr\/index.php?rest_route=\/wp\/v2\/pages\/1220"}],"collection":[{"href":"http:\/\/societe-histoire-rixheim.fr\/index.php?rest_route=\/wp\/v2\/pages"}],"about":[{"href":"http:\/\/societe-histoire-rixheim.fr\/index.php?rest_route=\/wp\/v2\/types\/page"}],"author":[{"embeddable":true,"href":"http:\/\/societe-histoire-rixheim.fr\/index.php?rest_route=\/wp\/v2\/users\/1"}],"replies":[{"embeddable":true,"href":"http:\/\/societe-histoire-rixheim.fr\/index.php?rest_route=%2Fwp%2Fv2%2Fcomments&post=1220"}],"version-history":[{"count":3,"href":"http:\/\/societe-histoire-rixheim.fr\/index.php?rest_route=\/wp\/v2\/pages\/1220\/revisions"}],"predecessor-version":[{"id":1602,"href":"http:\/\/societe-histoire-rixheim.fr\/index.php?rest_route=\/wp\/v2\/pages\/1220\/revisions\/1602"}],"wp:attachment":[{"href":"http:\/\/societe-histoire-rixheim.fr\/index.php?rest_route=%2Fwp%2Fv2%2Fmedia&parent=1220"}],"curies":[{"name":"wp","href":"https:\/\/api.w.org\/{rel}","templated":true}]}}